{"id":1234,"date":"2022-02-28T08:24:57","date_gmt":"2022-02-28T08:24:57","guid":{"rendered":"https:\/\/enzian.la-studioweb.com\/?page_id=1234"},"modified":"2026-02-03T21:32:53","modified_gmt":"2026-02-04T01:32:53","slug":"sobre-nosotros","status":"publish","type":"page","link":"https:\/\/aquipuertorico.com\/en\/sobre-nosotros\/","title":{"rendered":"About us"},"content":{"rendered":"\t\t<div data-elementor-type=\"wp-page\" data-elementor-id=\"1234\" class=\"elementor elementor-1234\" data-elementor-post-type=\"page\">\n\t\t\t\t\t\t<section class=\"elementor-section elementor-top-section elementor-element elementor-element-d0dc603 elementor-section-height-min-height elementor-section-boxed elementor-section-height-default elementor-section-items-middle e-parent\" data-id=\"d0dc603\" data-element_type=\"section\" data-e-type=\"section\" data-settings=\"{&quot;background_background&quot;:&quot;classic&quot;,&quot;background_motion_fx_motion_fx_scrolling&quot;:&quot;yes&quot;,&quot;background_motion_fx_translateY_effect&quot;:&quot;yes&quot;,&quot;jet_parallax_layout_list&quot;:[],&quot;background_motion_fx_translateY_speed&quot;:{&quot;unit&quot;:&quot;px&quot;,&quot;size&quot;:4,&quot;sizes&quot;:[]},&quot;background_motion_fx_translateY_affectedRange&quot;:{&quot;unit&quot;:&quot;%&quot;,&quot;size&quot;:&quot;&quot;,&quot;sizes&quot;:{&quot;start&quot;:0,&quot;end&quot;:100}},&quot;background_motion_fx_devices&quot;:[&quot;desktop&quot;,&quot;laptop&quot;,&quot;tablet&quot;,&quot;mobile_extra&quot;,&quot;mobile&quot;]}\">\n\t\t\t\t\t\t\t<div class=\"elementor-background-overlay\"><\/div>\n\t\t\t\t\t\t\t<div class=\"elementor-container elementor-column-gap-no\">\n\t\t\t\t\t<div class=\"elementor-column elementor-col-100 elementor-top-column elementor-element elementor-element-841c27e lakit-col-width-auto-no\" data-id=\"841c27e\" data-element_type=\"column\" data-e-type=\"column\">\n\t\t\t<div class=\"elementor-widget-wrap elementor-element-populated\">\n\t\t\t\t\t\t<div class=\"elementor-element elementor-element-631026f elementor-invisible elementor-widget elementor-widget-heading\" data-id=\"631026f\" data-element_type=\"widget\" data-e-type=\"widget\" data-settings=\"{&quot;_animation&quot;:&quot;lakitShortFadeInUp&quot;,&quot;_animation_delay&quot;:200}\" data-widget_type=\"heading.default\">\n\t\t\t\t<div class=\"elementor-widget-container\">\n\t\t\t\t\t<h2 class=\"elementor-heading-title elementor-size-default\">Sobre Nosotros<\/h2>\t\t\t\t<\/div>\n\t\t\t\t<\/div>\n\t\t\t\t<div class=\"elementor-element elementor-element-28b6f5f elementor-invisible elementor-widget elementor-widget-heading\" data-id=\"28b6f5f\" data-element_type=\"widget\" data-e-type=\"widget\" data-settings=\"{&quot;_animation&quot;:&quot;lakitShortFadeInUp&quot;,&quot;_animation_delay&quot;:300}\" data-widget_type=\"heading.default\">\n\t\t\t\t<div class=\"elementor-widget-container\">\n\t\t\t\t\t<h3 class=\"elementor-heading-title elementor-size-default\">Tu Tienda de Fragancias<\/h3>\t\t\t\t<\/div>\n\t\t\t\t<\/div>\n\t\t\t\t\t<\/div>\n\t\t<\/div>\n\t\t\t\t\t<\/div>\n\t\t<\/section>\n\t\t\t\t<section class=\"elementor-section elementor-top-section elementor-element elementor-element-90b7d31 elementor-section-content-middle elementor-section-boxed elementor-section-height-default elementor-section-height-default e-parent\" data-id=\"90b7d31\" data-element_type=\"section\" data-e-type=\"section\" data-settings=\"{&quot;jet_parallax_layout_list&quot;:[]}\">\n\t\t\t\t\t\t<div class=\"elementor-container elementor-column-gap-no\">\n\t\t\t\t\t<div class=\"elementor-column elementor-col-50 elementor-top-column elementor-element elementor-element-541d2bf lakit-col-width-auto-no\" data-id=\"541d2bf\" data-element_type=\"column\" data-e-type=\"column\">\n\t\t\t<div class=\"elementor-widget-wrap elementor-element-populated\">\n\t\t\t\t\t\t<div class=\"elementor-element elementor-element-ecb5cb6 elementor-widget elementor-widget-heading\" data-id=\"ecb5cb6\" data-element_type=\"widget\" data-e-type=\"widget\" data-widget_type=\"heading.default\">\n\t\t\t\t<div class=\"elementor-widget-container\">\n\t\t\t\t\t<h2 class=\"elementor-heading-title elementor-size-default\">Aqu\u00ed Puerto Rico<\/h2>\t\t\t\t<\/div>\n\t\t\t\t<\/div>\n\t\t\t\t<div class=\"elementor-element elementor-element-4e7ff26 elementor-widget__width-initial elementor-widget elementor-widget-text-editor\" data-id=\"4e7ff26\" data-element_type=\"widget\" data-e-type=\"widget\" data-widget_type=\"text-editor.default\">\n\t\t\t\t<div class=\"elementor-widget-container\">\n\t\t\t\t\t\t\t\t\t<p><br \/>En Aqu\u00ed Puerto Rico, contamos con una colecci\u00f3n de perfumes exclusivos que trascienden lo com\u00fan, presentando una variedad de exquisitas obras maestras dise\u00f1adas especialmente para usted. Nuestro compromiso de mostrar los talentos \u00fanicos de los perfumistas de Puerto Rico nos distingue, ofreciendo un toque distintivamente local al mundo global de las fragancias.<\/p>\t\t\t\t\t\t\t\t<\/div>\n\t\t\t\t<\/div>\n\t\t\t\t<div class=\"elementor-element elementor-element-88e64b3 lakit-equal-height-disable elementor-widget lastudio-kit elementor-lakit-icon-box\" data-id=\"88e64b3\" data-element_type=\"widget\" data-e-type=\"widget\" data-widget_type=\"lakit-icon-box.default\">\n\t\t\t\t\t<div class=\"lakit-iconbox lakit-iconbox__icon-align-left elementor-animation- \"><div class=\"lakit-iconbox__box_header elementor-animation-\"><div class=\"lakit-iconbox__box_icon icon_pos_left\"><img decoding=\"async\" width=\"85\" height=\"78\" data-src=\"https:\/\/aquipuertorico.com\/wp-content\/uploads\/2024\/01\/about-icon-1.svg\" class=\"lakit-iconbox__main_icon lakit-iconbox__main_img lazyload\" alt=\"\" src=\"data:image\/svg+xml;base64,PHN2ZyB3aWR0aD0iMSIgaGVpZ2h0PSIxIiB4bWxucz0iaHR0cDovL3d3dy53My5vcmcvMjAwMC9zdmciPjwvc3ZnPg==\" style=\"--smush-placeholder-width: 85px; --smush-placeholder-aspect-ratio: 85\/78;\" \/><\/div><\/div><div class=\"lakit-iconbox__box_body\"><div class=\"lakit-iconbox__title\">Sustentable<\/div><div class=\"lakit-iconbox__desc\"><p>Las materias primas utilizadas en nuestros perfumes se obtengan de manera \u00e9tica y responsable<\/p><\/div><\/div><\/div>\t\t\t\t<\/div>\n\t\t\t\t<div class=\"elementor-element elementor-element-e8ab3ce lakit-equal-height-disable elementor-widget lastudio-kit elementor-lakit-icon-box\" data-id=\"e8ab3ce\" data-element_type=\"widget\" data-e-type=\"widget\" data-widget_type=\"lakit-icon-box.default\">\n\t\t\t\t\t<div class=\"lakit-iconbox lakit-iconbox__icon-align-left elementor-animation- \"><div class=\"lakit-iconbox__box_header elementor-animation-\"><div class=\"lakit-iconbox__box_icon icon_pos_left\"><img decoding=\"async\" width=\"78\" height=\"78\" data-src=\"https:\/\/aquipuertorico.com\/wp-content\/uploads\/2024\/01\/about-icon-2.svg\" class=\"lakit-iconbox__main_icon lakit-iconbox__main_img lazyload\" alt=\"\" src=\"data:image\/svg+xml;base64,PHN2ZyB3aWR0aD0iMSIgaGVpZ2h0PSIxIiB4bWxucz0iaHR0cDovL3d3dy53My5vcmcvMjAwMC9zdmciPjwvc3ZnPg==\" style=\"--smush-placeholder-width: 78px; --smush-placeholder-aspect-ratio: 78\/78;\" \/><\/div><\/div><div class=\"lakit-iconbox__box_body\"><div class=\"lakit-iconbox__title\">Fragancias de Aqu\u00ed<\/div><div class=\"lakit-iconbox__desc\"><p>Descubra aromas que hacen eco de los ritmos de la salsa, los colores vibrantes de las fiestas tradicionales y la calidez del sol caribe\u00f1o.<\/p><\/div><\/div><\/div>\t\t\t\t<\/div>\n\t\t\t\t\t<\/div>\n\t\t<\/div>\n\t\t\t\t<div class=\"elementor-column elementor-col-50 elementor-top-column elementor-element elementor-element-928346a lakit-col-width-auto-no\" data-id=\"928346a\" data-element_type=\"column\" data-e-type=\"column\">\n\t\t\t<div class=\"elementor-widget-wrap elementor-element-populated\">\n\t\t\t\t\t\t<div class=\"elementor-element elementor-element-63ab9e2 elementor-widget elementor-widget-image\" data-id=\"63ab9e2\" data-element_type=\"widget\" data-e-type=\"widget\" data-widget_type=\"image.default\">\n\t\t\t\t<div class=\"elementor-widget-container\">\n\t\t\t\t\t\t\t\t\t\t\t\t\t\t\t<img fetchpriority=\"high\" decoding=\"async\" width=\"992\" height=\"702\" src=\"https:\/\/aquipuertorico.com\/wp-content\/uploads\/2024\/01\/King-by-Denise-2.png\" class=\"attachment-full size-full wp-image-2994\" alt=\"King Perfume\" srcset=\"https:\/\/aquipuertorico.com\/wp-content\/uploads\/2024\/01\/King-by-Denise-2.png 992w, https:\/\/aquipuertorico.com\/wp-content\/uploads\/2024\/01\/King-by-Denise-2-18x12.png 18w\" sizes=\"(max-width: 992px) 100vw, 992px\" \/>\t\t\t\t\t\t\t\t\t\t\t\t\t\t\t<\/div>\n\t\t\t\t<\/div>\n\t\t\t\t\t<\/div>\n\t\t<\/div>\n\t\t\t\t\t<\/div>\n\t\t<\/section>\n\t\t\t\t<section class=\"elementor-section elementor-top-section elementor-element elementor-element-1b90fb2 elementor-section-height-min-height elementor-section-boxed elementor-section-height-default elementor-section-items-middle e-parent\" data-id=\"1b90fb2\" data-element_type=\"section\" data-e-type=\"section\" data-settings=\"{&quot;background_background&quot;:&quot;classic&quot;,&quot;jet_parallax_layout_list&quot;:[]}\">\n\t\t\t\t\t\t<div class=\"elementor-container elementor-column-gap-no\">\n\t\t\t\t\t<div class=\"elementor-column elementor-col-33 elementor-top-column elementor-element elementor-element-057fa4f lakit-col-width-auto-no\" data-id=\"057fa4f\" data-element_type=\"column\" data-e-type=\"column\">\n\t\t\t<div class=\"elementor-widget-wrap elementor-element-populated\">\n\t\t\t\t\t\t<div class=\"elementor-element elementor-element-6e3ac4c elementor-invisible elementor-widget elementor-widget-counter\" data-id=\"6e3ac4c\" data-element_type=\"widget\" data-e-type=\"widget\" data-settings=\"{&quot;_animation&quot;:&quot;lakitShortFadeInUp&quot;,&quot;_animation_delay&quot;:200}\" data-widget_type=\"counter.default\">\n\t\t\t\t<div class=\"elementor-widget-container\">\n\t\t\t\t\t\t\t<div class=\"elementor-counter\">\n\t\t\t<div class=\"elementor-counter-title\">A\u00f1os<\/div>\t\t\t<div class=\"elementor-counter-number-wrapper\">\n\t\t\t\t<span class=\"elementor-counter-number-prefix\">&nbsp;<\/span>\n\t\t\t\t<span class=\"elementor-counter-number\" data-duration=\"2000\" data-to-value=\"10\" data-from-value=\"0\">0<\/span>\n\t\t\t\t<span class=\"elementor-counter-number-suffix\">+<\/span>\n\t\t\t<\/div>\n\t\t<\/div>\n\t\t\t\t\t\t<\/div>\n\t\t\t\t<\/div>\n\t\t\t\t\t<\/div>\n\t\t<\/div>\n\t\t\t\t<div class=\"elementor-column elementor-col-33 elementor-top-column elementor-element elementor-element-6d20f6e lakit-col-width-auto-no\" data-id=\"6d20f6e\" data-element_type=\"column\" data-e-type=\"column\">\n\t\t\t<div class=\"elementor-widget-wrap elementor-element-populated\">\n\t\t\t\t\t\t<div class=\"elementor-element elementor-element-2c7c313 elementor-invisible elementor-widget elementor-widget-counter\" data-id=\"2c7c313\" data-element_type=\"widget\" data-e-type=\"widget\" data-settings=\"{&quot;_animation&quot;:&quot;lakitShortFadeInUp&quot;,&quot;_animation_delay&quot;:300}\" data-widget_type=\"counter.default\">\n\t\t\t\t<div class=\"elementor-widget-container\">\n\t\t\t\t\t\t\t<div class=\"elementor-counter\">\n\t\t\t<div class=\"elementor-counter-title\">Clientes<\/div>\t\t\t<div class=\"elementor-counter-number-wrapper\">\n\t\t\t\t<span class=\"elementor-counter-number-prefix\"><\/span>\n\t\t\t\t<span class=\"elementor-counter-number\" data-duration=\"500\" data-to-value=\"54\" data-from-value=\"24\" data-delimiter=\",\">24<\/span>\n\t\t\t\t<span class=\"elementor-counter-number-suffix\">k<\/span>\n\t\t\t<\/div>\n\t\t<\/div>\n\t\t\t\t\t\t<\/div>\n\t\t\t\t<\/div>\n\t\t\t\t\t<\/div>\n\t\t<\/div>\n\t\t\t\t<div class=\"elementor-column elementor-col-33 elementor-top-column elementor-element elementor-element-1e6fe0e lakit-col-width-auto-no\" data-id=\"1e6fe0e\" data-element_type=\"column\" data-e-type=\"column\">\n\t\t\t<div class=\"elementor-widget-wrap elementor-element-populated\">\n\t\t\t\t\t\t<div class=\"elementor-element elementor-element-199a3cd elementor-invisible elementor-widget elementor-widget-counter\" data-id=\"199a3cd\" data-element_type=\"widget\" data-e-type=\"widget\" data-settings=\"{&quot;_animation&quot;:&quot;lakitShortFadeInUp&quot;,&quot;_animation_delay&quot;:400}\" data-widget_type=\"counter.default\">\n\t\t\t\t<div class=\"elementor-widget-container\">\n\t\t\t\t\t\t\t<div class=\"elementor-counter\">\n\t\t\t<div class=\"elementor-counter-title\">Productos<\/div>\t\t\t<div class=\"elementor-counter-number-wrapper\">\n\t\t\t\t<span class=\"elementor-counter-number-prefix\">&nbsp;<\/span>\n\t\t\t\t<span class=\"elementor-counter-number\" data-duration=\"2000\" data-to-value=\"73\" data-from-value=\"30\">30<\/span>\n\t\t\t\t<span class=\"elementor-counter-number-suffix\">+<\/span>\n\t\t\t<\/div>\n\t\t<\/div>\n\t\t\t\t\t\t<\/div>\n\t\t\t\t<\/div>\n\t\t\t\t\t<\/div>\n\t\t<\/div>\n\t\t\t\t\t<\/div>\n\t\t<\/section>\n\t\t\t\t<section class=\"elementor-section elementor-top-section elementor-element elementor-element-cfbdd7e elementor-section-boxed elementor-section-height-default elementor-section-height-default e-parent\" data-id=\"cfbdd7e\" data-element_type=\"section\" data-e-type=\"section\" data-settings=\"{&quot;jet_parallax_layout_list&quot;:[]}\">\n\t\t\t\t\t\t<div class=\"elementor-container elementor-column-gap-no\">\n\t\t\t\t\t<div class=\"elementor-column elementor-col-100 elementor-top-column elementor-element elementor-element-d262de9 lakit-col-width-auto-no\" data-id=\"d262de9\" data-element_type=\"column\" data-e-type=\"column\">\n\t\t\t<div class=\"elementor-widget-wrap elementor-element-populated\">\n\t\t\t\t\t\t<div class=\"elementor-element elementor-element-4ad29b1 elementor-invisible elementor-widget elementor-widget-heading\" data-id=\"4ad29b1\" data-element_type=\"widget\" data-e-type=\"widget\" data-settings=\"{&quot;_animation&quot;:&quot;lakitShortFadeInUp&quot;,&quot;_animation_delay&quot;:200}\" data-widget_type=\"heading.default\">\n\t\t\t\t<div class=\"elementor-widget-container\">\n\t\t\t\t\t<h2 class=\"elementor-heading-title elementor-size-default\">Nuestro Compromiso<\/h2>\t\t\t\t<\/div>\n\t\t\t\t<\/div>\n\t\t\t\t<div class=\"elementor-element elementor-element-b81f979 elementor-invisible elementor-widget elementor-widget-text-editor\" data-id=\"b81f979\" data-element_type=\"widget\" data-e-type=\"widget\" data-settings=\"{&quot;_animation&quot;:&quot;lakitShortFadeInUp&quot;,&quot;_animation_delay&quot;:300}\" data-widget_type=\"text-editor.default\">\n\t\t\t\t<div class=\"elementor-widget-container\">\n\t\t\t\t\t\t\t\t\t<p>Nuestra boutique en l\u00ednea es un para\u00edso sensorial donde cada botella cuenta una historia, capturando la esencia de los diversos paisajes, patrimonio cultural y expresiones art\u00edsticas de Puerto Rico. Desde las exuberantes selvas tropicales hasta las playas ba\u00f1adas por el sol, nuestras marcas exclusivas encapsulan el alma misma de la isla, permiti\u00e9ndole llevar un pedazo de su magia a donde quiera que vaya.<\/p><p>Descubra aromas que hacen eco de los ritmos de la salsa, los colores vibrantes de las fiestas tradicionales y la calidez del sol caribe\u00f1o. Cada fragancia es una obra de arte, meticulosamente elaborada para evocar emociones y recuerdos, creando un viaje sensorial que trasciende el tiempo y el espacio.<\/p><p>En Aqu\u00ed Puerto Rico, nuestro compromiso con la sustentabilidad se refleja en nuestras pr\u00e1cticas de abastecimiento, asegurando que las materias primas utilizadas en nuestros perfumes se obtengan de manera \u00e9tica y responsable. Al elegir Aqu\u00ed Puerto Rico, no s\u00f3lo se deleita con aromas lujosos, sino que tambi\u00e9n contribuye a la preservaci\u00f3n de la belleza natural y el patrimonio cultural de Puerto Rico.<\/p><p>Ingrese a nuestra boutique en l\u00ednea y encuentre una fragancia especial. Ya sea que busque un aroma exclusivo o un regalo \u00fanico, nuestro portal est\u00e1 dise\u00f1ado para ayudarlo a encontrar la obra maestra arom\u00e1tica perfecta que resuene con su individualidad.<\/p>\t\t\t\t\t\t\t\t<\/div>\n\t\t\t\t<\/div>\n\t\t\t\t\t<\/div>\n\t\t<\/div>\n\t\t\t\t\t<\/div>\n\t\t<\/section>\n\t\t\t\t<\/div>\n\t\t","protected":false},"excerpt":{"rendered":"<p>Sobre Nosotros Tu Tienda de Fragancias Aqu\u00ed Puerto Rico En Aqu\u00ed Puerto Rico, contamos con una colecci\u00f3n de perfumes exclusivos que trascienden lo com\u00fan, presentando una variedad de exquisitas obras maestras dise\u00f1adas [&hellip;]<\/p>\n","protected":false},"author":1,"featured_media":0,"parent":0,"menu_order":0,"comment_status":"closed","ping_status":"closed","template":"","meta":{"footnotes":""},"class_list":["post-1234","page","type-page","status-publish","hentry"],"_links":{"self":[{"href":"https:\/\/aquipuertorico.com\/en\/wp-json\/wp\/v2\/pages\/1234","targetHints":{"allow":["GET"]}}],"collection":[{"href":"https:\/\/aquipuertorico.com\/en\/wp-json\/wp\/v2\/pages"}],"about":[{"href":"https:\/\/aquipuertorico.com\/en\/wp-json\/wp\/v2\/types\/page"}],"author":[{"embeddable":true,"href":"https:\/\/aquipuertorico.com\/en\/wp-json\/wp\/v2\/users\/1"}],"replies":[{"embeddable":true,"href":"https:\/\/aquipuertorico.com\/en\/wp-json\/wp\/v2\/comments?post=1234"}],"version-history":[{"count":47,"href":"https:\/\/aquipuertorico.com\/en\/wp-json\/wp\/v2\/pages\/1234\/revisions"}],"predecessor-version":[{"id":5768,"href":"https:\/\/aquipuertorico.com\/en\/wp-json\/wp\/v2\/pages\/1234\/revisions\/5768"}],"wp:attachment":[{"href":"https:\/\/aquipuertorico.com\/en\/wp-json\/wp\/v2\/media?parent=1234"}],"curies":[{"name":"wp","href":"https:\/\/api.w.org\/{rel}","templated":true}]}}