{"id":1322,"date":"2022-02-28T13:50:02","date_gmt":"2022-02-28T13:50:02","guid":{"rendered":"https:\/\/enzian.la-studioweb.com\/?page_id=1322"},"modified":"2025-02-04T07:27:54","modified_gmt":"2025-02-04T11:27:54","slug":"preguntas-frecuentes","status":"publish","type":"page","link":"https:\/\/aquipuertorico.com\/en\/preguntas-frecuentes\/","title":{"rendered":"FAQs"},"content":{"rendered":"<div data-elementor-type=\"wp-page\" data-elementor-id=\"1322\" class=\"elementor elementor-1322\" data-elementor-post-type=\"page\">\n\t\t\t\t\t\t<section class=\"elementor-section elementor-top-section elementor-element elementor-element-c1117b9 elementor-section-boxed elementor-section-height-default elementor-section-height-default e-parent\" data-id=\"c1117b9\" data-element_type=\"section\" data-e-type=\"section\" data-settings=\"{&quot;background_background&quot;:&quot;classic&quot;,&quot;jet_parallax_layout_list&quot;:[]}\">\n\t\t\t\t\t\t<div class=\"elementor-container elementor-column-gap-no\">\n\t\t\t\t\t<div class=\"elementor-column elementor-col-100 elementor-top-column elementor-element elementor-element-99ae411 lakit-col-width-auto-no\" data-id=\"99ae411\" data-element_type=\"column\" data-e-type=\"column\">\n\t\t\t<div class=\"elementor-widget-wrap elementor-element-populated\">\n\t\t\t\t\t\t<div class=\"elementor-element elementor-element-f63cef5 lakit-breadcrumbs-align-center lakit-breadcrumbs-page-title-yes elementor-invisible elementor-widget lastudio-kit elementor-lakit-breadcrumbs\" data-id=\"f63cef5\" data-element_type=\"widget\" data-e-type=\"widget\" data-settings=\"{&quot;_animation&quot;:&quot;lakitShortFadeInUp&quot;,&quot;_animation_delay&quot;:200}\" data-widget_type=\"lakit-breadcrumbs.default\">\n\t\t\t\t\t\n\t\t<div class=\"lakit-breadcrumbs\">\n\t\t<div class=\"lakit-breadcrumbs__content\">\n\t\t<div class=\"lakit-breadcrumbs__wrap\"><div class=\"lakit-breadcrumbs__item\"><a href=\"https:\/\/aquipuertorico.com\/en\/\" class=\"lakit-breadcrumbs__item-link is-home\" rel=\"home\" title=\"home\">home<\/a><\/div>\n\t\t<\/div>\n\t\t<\/div>\n\t\t<\/div>\t\t\t\t<\/div>\n\t\t\t\t\t<\/div>\n\t\t<\/div>\n\t\t\t\t\t<\/div>\n\t\t<\/section>\n\t\t\t\t<section class=\"elementor-section elementor-top-section elementor-element elementor-element-86b1126 elementor-section-boxed elementor-section-height-default elementor-section-height-default e-parent\" data-id=\"86b1126\" data-element_type=\"section\" data-e-type=\"section\" data-settings=\"{&quot;jet_parallax_layout_list&quot;:[]}\">\n\t\t\t\t\t\t<div class=\"elementor-container elementor-column-gap-no\">\n\t\t\t\t\t<div class=\"elementor-column elementor-col-100 elementor-top-column elementor-element elementor-element-94d8879 lakit-col-width-auto-no\" data-id=\"94d8879\" data-element_type=\"column\" data-e-type=\"column\">\n\t\t\t<div class=\"elementor-widget-wrap elementor-element-populated\">\n\t\t\t\t\t\t<div class=\"elementor-element elementor-element-ef083bf elementor-invisible elementor-widget elementor-widget-heading\" data-id=\"ef083bf\" data-element_type=\"widget\" data-e-type=\"widget\" data-settings=\"{&quot;_animation&quot;:&quot;lakitShortFadeInUp&quot;,&quot;_animation_delay&quot;:400}\" data-widget_type=\"heading.default\">\n\t\t\t\t<div class=\"elementor-widget-container\">\n\t\t\t\t\t<h2 class=\"elementor-heading-title elementor-size-default\">Aqu\u00ed Puerto Rico: Your Online Destination for Puerto Rican Perfumes<\/h2>\t\t\t\t<\/div>\n\t\t\t\t<\/div>\n\t\t\t\t<section class=\"elementor-section elementor-inner-section elementor-element elementor-element-815fc4e elementor-section-full_width elementor-section-height-default elementor-section-height-default\" data-id=\"815fc4e\" data-element_type=\"section\" data-e-type=\"section\" data-settings=\"{&quot;jet_parallax_layout_list&quot;:[]}\">\n\t\t\t\t\t\t<div class=\"elementor-container elementor-column-gap-no\">\n\t\t\t\t\t<div class=\"elementor-column elementor-col-50 elementor-inner-column elementor-element elementor-element-860e08a lakit-col-width-auto-no\" data-id=\"860e08a\" data-element_type=\"column\" data-e-type=\"column\">\n\t\t\t<div class=\"elementor-widget-wrap elementor-element-populated\">\n\t\t\t\t\t\t<div class=\"elementor-element elementor-element-f0b60cd elementor-invisible elementor-widget elementor-widget-accordion\" data-id=\"f0b60cd\" data-element_type=\"widget\" data-e-type=\"widget\" data-settings=\"{&quot;_animation&quot;:&quot;lakitShortFadeInUp&quot;,&quot;_animation_delay&quot;:400}\" data-widget_type=\"accordion.default\">\n\t\t\t\t<div class=\"elementor-widget-container\">\n\t\t\t\t\t\t\t<div class=\"elementor-accordion\">\n\t\t\t\t\t\t\t<div class=\"elementor-accordion-item\">\n\t\t\t\t\t<div id=\"elementor-tab-title-2521\" class=\"elementor-tab-title\" data-tab=\"1\" role=\"button\" aria-controls=\"elementor-tab-content-2521\" aria-expanded=\"false\">\n\t\t\t\t\t\t\t\t\t\t\t\t\t<span class=\"elementor-accordion-icon elementor-accordion-icon-right\" aria-hidden=\"true\">\n\t\t\t\t\t\t\t\t\t\t\t\t\t\t\t<span class=\"elementor-accordion-icon-closed\"><svg xmlns=\"http:\/\/www.w3.org\/2000\/svg\" width=\"300\" height=\"300\" viewbox=\"0 0 300 300\" class=\"lakit-font-icon-svg\" data-icon-name=\"i-add\" data-icon-type=\"LaStudioIcons\"><path d=\"M137.1 105.9v31.2H75v25.8h62.1V225h25.8v-62.1H225v-25.8h-62.1V75h-25.8v30.9\" fill=\"currentColor\"\/><\/svg><\/span>\n\t\t\t\t\t\t\t\t<span class=\"elementor-accordion-icon-opened\"><svg xmlns=\"http:\/\/www.w3.org\/2000\/svg\" width=\"300\" height=\"300\" viewbox=\"0 0 300 300\" class=\"lakit-font-icon-svg\" data-icon-name=\"i-delete\" data-icon-type=\"LaStudioIcons\"><path d=\"M75 137.4h150v25.2H75v-25.2z\" fill=\"currentColor\"\/><\/svg><\/span>\n\t\t\t\t\t\t\t\t\t\t\t\t\t\t<\/span>\n\t\t\t\t\t\t\t\t\t\t\t\t<a class=\"elementor-accordion-title\" tabindex=\"0\">What makes Aqu\u00ed Puerto Rico unique? <\/a>\n\t\t\t\t\t<\/div>\n\t\t\t\t\t<div id=\"elementor-tab-content-2521\" class=\"elementor-tab-content elementor-clearfix\" data-tab=\"1\" role=\"region\" aria-labelledby=\"elementor-tab-title-2521\"><p>Aqu\u00ed Puerto Rico is unique for its exclusive collection of perfumes crafted by local Puerto Rican artists. We showcase the rich cultural tapestry of the island through distinct fragrances that capture the essence of Puerto Rico's landscapes, traditions, and artistic expressions.<\/p><\/div>\n\t\t\t\t<\/div>\n\t\t\t\t\t\t\t<div class=\"elementor-accordion-item\">\n\t\t\t\t\t<div id=\"elementor-tab-title-2522\" class=\"elementor-tab-title\" data-tab=\"2\" role=\"button\" aria-controls=\"elementor-tab-content-2522\" aria-expanded=\"false\">\n\t\t\t\t\t\t\t\t\t\t\t\t\t<span class=\"elementor-accordion-icon elementor-accordion-icon-right\" aria-hidden=\"true\">\n\t\t\t\t\t\t\t\t\t\t\t\t\t\t\t<span class=\"elementor-accordion-icon-closed\"><svg xmlns=\"http:\/\/www.w3.org\/2000\/svg\" width=\"300\" height=\"300\" viewbox=\"0 0 300 300\" class=\"lakit-font-icon-svg\" data-icon-name=\"i-add\" data-icon-type=\"LaStudioIcons\"><path d=\"M137.1 105.9v31.2H75v25.8h62.1V225h25.8v-62.1H225v-25.8h-62.1V75h-25.8v30.9\" fill=\"currentColor\"\/><\/svg><\/span>\n\t\t\t\t\t\t\t\t<span class=\"elementor-accordion-icon-opened\"><svg xmlns=\"http:\/\/www.w3.org\/2000\/svg\" width=\"300\" height=\"300\" viewbox=\"0 0 300 300\" class=\"lakit-font-icon-svg\" data-icon-name=\"i-delete\" data-icon-type=\"LaStudioIcons\"><path d=\"M75 137.4h150v25.2H75v-25.2z\" fill=\"currentColor\"\/><\/svg><\/span>\n\t\t\t\t\t\t\t\t\t\t\t\t\t\t<\/span>\n\t\t\t\t\t\t\t\t\t\t\t\t<a class=\"elementor-accordion-title\" tabindex=\"0\">How can I place an order? <\/a>\n\t\t\t\t\t<\/div>\n\t\t\t\t\t<div id=\"elementor-tab-content-2522\" class=\"elementor-tab-content elementor-clearfix\" data-tab=\"2\" role=\"region\" aria-labelledby=\"elementor-tab-title-2522\"><p>To place an order, simply browse our website, select the desired perfumes, and add them to your cart. Follow the easy checkout process, providing accurate shipping information and completing the payment through our secure gateway.<\/p><\/div>\n\t\t\t\t<\/div>\n\t\t\t\t\t\t\t<div class=\"elementor-accordion-item\">\n\t\t\t\t\t<div id=\"elementor-tab-title-2523\" class=\"elementor-tab-title\" data-tab=\"3\" role=\"button\" aria-controls=\"elementor-tab-content-2523\" aria-expanded=\"false\">\n\t\t\t\t\t\t\t\t\t\t\t\t\t<span class=\"elementor-accordion-icon elementor-accordion-icon-right\" aria-hidden=\"true\">\n\t\t\t\t\t\t\t\t\t\t\t\t\t\t\t<span class=\"elementor-accordion-icon-closed\"><svg xmlns=\"http:\/\/www.w3.org\/2000\/svg\" width=\"300\" height=\"300\" viewbox=\"0 0 300 300\" class=\"lakit-font-icon-svg\" data-icon-name=\"i-add\" data-icon-type=\"LaStudioIcons\"><path d=\"M137.1 105.9v31.2H75v25.8h62.1V225h25.8v-62.1H225v-25.8h-62.1V75h-25.8v30.9\" fill=\"currentColor\"\/><\/svg><\/span>\n\t\t\t\t\t\t\t\t<span class=\"elementor-accordion-icon-opened\"><svg xmlns=\"http:\/\/www.w3.org\/2000\/svg\" width=\"300\" height=\"300\" viewbox=\"0 0 300 300\" class=\"lakit-font-icon-svg\" data-icon-name=\"i-delete\" data-icon-type=\"LaStudioIcons\"><path d=\"M75 137.4h150v25.2H75v-25.2z\" fill=\"currentColor\"\/><\/svg><\/span>\n\t\t\t\t\t\t\t\t\t\t\t\t\t\t<\/span>\n\t\t\t\t\t\t\t\t\t\t\t\t<a class=\"elementor-accordion-title\" tabindex=\"0\">Do you ship internationally?<\/a>\n\t\t\t\t\t<\/div>\n\t\t\t\t\t<div id=\"elementor-tab-content-2523\" class=\"elementor-tab-content elementor-clearfix\" data-tab=\"3\" role=\"region\" aria-labelledby=\"elementor-tab-title-2523\"><p>Here Puerto Rico ships to the United States. Shipping costs and delivery times are calculated during checkout. Please note that additional customs duties or taxes may apply, depending on your location.<\/p><\/div>\n\t\t\t\t<\/div>\n\t\t\t\t\t\t\t<div class=\"elementor-accordion-item\">\n\t\t\t\t\t<div id=\"elementor-tab-title-2524\" class=\"elementor-tab-title\" data-tab=\"4\" role=\"button\" aria-controls=\"elementor-tab-content-2524\" aria-expanded=\"false\">\n\t\t\t\t\t\t\t\t\t\t\t\t\t<span class=\"elementor-accordion-icon elementor-accordion-icon-right\" aria-hidden=\"true\">\n\t\t\t\t\t\t\t\t\t\t\t\t\t\t\t<span class=\"elementor-accordion-icon-closed\"><svg xmlns=\"http:\/\/www.w3.org\/2000\/svg\" width=\"300\" height=\"300\" viewbox=\"0 0 300 300\" class=\"lakit-font-icon-svg\" data-icon-name=\"i-add\" data-icon-type=\"LaStudioIcons\"><path d=\"M137.1 105.9v31.2H75v25.8h62.1V225h25.8v-62.1H225v-25.8h-62.1V75h-25.8v30.9\" fill=\"currentColor\"\/><\/svg><\/span>\n\t\t\t\t\t\t\t\t<span class=\"elementor-accordion-icon-opened\"><svg xmlns=\"http:\/\/www.w3.org\/2000\/svg\" width=\"300\" height=\"300\" viewbox=\"0 0 300 300\" class=\"lakit-font-icon-svg\" data-icon-name=\"i-delete\" data-icon-type=\"LaStudioIcons\"><path d=\"M75 137.4h150v25.2H75v-25.2z\" fill=\"currentColor\"\/><\/svg><\/span>\n\t\t\t\t\t\t\t\t\t\t\t\t\t\t<\/span>\n\t\t\t\t\t\t\t\t\t\t\t\t<a class=\"elementor-accordion-title\" tabindex=\"0\">Can I return or exchange a perfume? <\/a>\n\t\t\t\t\t<\/div>\n\t\t\t\t\t<div id=\"elementor-tab-content-2524\" class=\"elementor-tab-content elementor-clearfix\" data-tab=\"4\" role=\"region\" aria-labelledby=\"elementor-tab-title-2524\"><p>Yes, we accept returns within a specified period from the date of delivery. Please refer to our detailed Return Policy for information on the conditions and process for returning or exchanging products.<\/p><\/div>\n\t\t\t\t<\/div>\n\t\t\t\t\t\t\t<div class=\"elementor-accordion-item\">\n\t\t\t\t\t<div id=\"elementor-tab-title-2525\" class=\"elementor-tab-title\" data-tab=\"5\" role=\"button\" aria-controls=\"elementor-tab-content-2525\" aria-expanded=\"false\">\n\t\t\t\t\t\t\t\t\t\t\t\t\t<span class=\"elementor-accordion-icon elementor-accordion-icon-right\" aria-hidden=\"true\">\n\t\t\t\t\t\t\t\t\t\t\t\t\t\t\t<span class=\"elementor-accordion-icon-closed\"><svg xmlns=\"http:\/\/www.w3.org\/2000\/svg\" width=\"300\" height=\"300\" viewbox=\"0 0 300 300\" class=\"lakit-font-icon-svg\" data-icon-name=\"i-add\" data-icon-type=\"LaStudioIcons\"><path d=\"M137.1 105.9v31.2H75v25.8h62.1V225h25.8v-62.1H225v-25.8h-62.1V75h-25.8v30.9\" fill=\"currentColor\"\/><\/svg><\/span>\n\t\t\t\t\t\t\t\t<span class=\"elementor-accordion-icon-opened\"><svg xmlns=\"http:\/\/www.w3.org\/2000\/svg\" width=\"300\" height=\"300\" viewbox=\"0 0 300 300\" class=\"lakit-font-icon-svg\" data-icon-name=\"i-delete\" data-icon-type=\"LaStudioIcons\"><path d=\"M75 137.4h150v25.2H75v-25.2z\" fill=\"currentColor\"\/><\/svg><\/span>\n\t\t\t\t\t\t\t\t\t\t\t\t\t\t<\/span>\n\t\t\t\t\t\t\t\t\t\t\t\t<a class=\"elementor-accordion-title\" tabindex=\"0\">Are the perfumes authentic?<\/a>\n\t\t\t\t\t<\/div>\n\t\t\t\t\t<div id=\"elementor-tab-content-2525\" class=\"elementor-tab-content elementor-clearfix\" data-tab=\"5\" role=\"region\" aria-labelledby=\"elementor-tab-title-2525\"><p>Absolutely. Here Puerto Rico is committed to offering only authentic and high quality perfumes.\u00a0<\/p><\/div>\n\t\t\t\t<\/div>\n\t\t\t\t\t\t\t\t<\/div>\n\t\t\t\t\t\t<\/div>\n\t\t\t\t<\/div>\n\t\t\t\t\t<\/div>\n\t\t<\/div>\n\t\t\t\t<div class=\"elementor-column elementor-col-50 elementor-inner-column elementor-element elementor-element-17a3662 lakit-col-width-auto-no\" data-id=\"17a3662\" data-element_type=\"column\" data-e-type=\"column\">\n\t\t\t<div class=\"elementor-widget-wrap elementor-element-populated\">\n\t\t\t\t\t\t<div class=\"elementor-element elementor-element-35b71c2 accordion-close-all elementor-invisible elementor-widget elementor-widget-accordion\" data-id=\"35b71c2\" data-element_type=\"widget\" data-e-type=\"widget\" data-settings=\"{&quot;_animation&quot;:&quot;lakitShortFadeInUp&quot;,&quot;_animation_delay&quot;:500}\" data-widget_type=\"accordion.default\">\n\t\t\t\t<div class=\"elementor-widget-container\">\n\t\t\t\t\t\t\t<div class=\"elementor-accordion\">\n\t\t\t\t\t\t\t<div class=\"elementor-accordion-item\">\n\t\t\t\t\t<div id=\"elementor-tab-title-5631\" class=\"elementor-tab-title\" data-tab=\"1\" role=\"button\" aria-controls=\"elementor-tab-content-5631\" aria-expanded=\"false\">\n\t\t\t\t\t\t\t\t\t\t\t\t\t<span class=\"elementor-accordion-icon elementor-accordion-icon-right\" aria-hidden=\"true\">\n\t\t\t\t\t\t\t\t\t\t\t\t\t\t\t<span class=\"elementor-accordion-icon-closed\"><svg xmlns=\"http:\/\/www.w3.org\/2000\/svg\" width=\"300\" height=\"300\" viewbox=\"0 0 300 300\" class=\"lakit-font-icon-svg\" data-icon-name=\"i-add\" data-icon-type=\"LaStudioIcons\"><path d=\"M137.1 105.9v31.2H75v25.8h62.1V225h25.8v-62.1H225v-25.8h-62.1V75h-25.8v30.9\" fill=\"currentColor\"\/><\/svg><\/span>\n\t\t\t\t\t\t\t\t<span class=\"elementor-accordion-icon-opened\"><svg xmlns=\"http:\/\/www.w3.org\/2000\/svg\" width=\"300\" height=\"300\" viewbox=\"0 0 300 300\" class=\"lakit-font-icon-svg\" data-icon-name=\"i-delete\" data-icon-type=\"LaStudioIcons\"><path d=\"M75 137.4h150v25.2H75v-25.2z\" fill=\"currentColor\"\/><\/svg><\/span>\n\t\t\t\t\t\t\t\t\t\t\t\t\t\t<\/span>\n\t\t\t\t\t\t\t\t\t\t\t\t<a class=\"elementor-accordion-title\" tabindex=\"0\">How do I track my order?<\/a>\n\t\t\t\t\t<\/div>\n\t\t\t\t\t<div id=\"elementor-tab-content-5631\" class=\"elementor-tab-content elementor-clearfix\" data-tab=\"1\" role=\"region\" aria-labelledby=\"elementor-tab-title-5631\"><p>Once your order is dispatched, you will receive a shipping confirmation email with a tracking number. You can use this tracking number to monitor the status and location of your package.<\/p><\/div>\n\t\t\t\t<\/div>\n\t\t\t\t\t\t\t<div class=\"elementor-accordion-item\">\n\t\t\t\t\t<div id=\"elementor-tab-title-5632\" class=\"elementor-tab-title\" data-tab=\"2\" role=\"button\" aria-controls=\"elementor-tab-content-5632\" aria-expanded=\"false\">\n\t\t\t\t\t\t\t\t\t\t\t\t\t<span class=\"elementor-accordion-icon elementor-accordion-icon-right\" aria-hidden=\"true\">\n\t\t\t\t\t\t\t\t\t\t\t\t\t\t\t<span class=\"elementor-accordion-icon-closed\"><svg xmlns=\"http:\/\/www.w3.org\/2000\/svg\" width=\"300\" height=\"300\" viewbox=\"0 0 300 300\" class=\"lakit-font-icon-svg\" data-icon-name=\"i-add\" data-icon-type=\"LaStudioIcons\"><path d=\"M137.1 105.9v31.2H75v25.8h62.1V225h25.8v-62.1H225v-25.8h-62.1V75h-25.8v30.9\" fill=\"currentColor\"\/><\/svg><\/span>\n\t\t\t\t\t\t\t\t<span class=\"elementor-accordion-icon-opened\"><svg xmlns=\"http:\/\/www.w3.org\/2000\/svg\" width=\"300\" height=\"300\" viewbox=\"0 0 300 300\" class=\"lakit-font-icon-svg\" data-icon-name=\"i-delete\" data-icon-type=\"LaStudioIcons\"><path d=\"M75 137.4h150v25.2H75v-25.2z\" fill=\"currentColor\"\/><\/svg><\/span>\n\t\t\t\t\t\t\t\t\t\t\t\t\t\t<\/span>\n\t\t\t\t\t\t\t\t\t\t\t\t<a class=\"elementor-accordion-title\" tabindex=\"0\">Are your perfumes cruelty-free and sustainable? <\/a>\n\t\t\t\t\t<\/div>\n\t\t\t\t\t<div id=\"elementor-tab-content-5632\" class=\"elementor-tab-content elementor-clearfix\" data-tab=\"2\" role=\"region\" aria-labelledby=\"elementor-tab-title-5632\"><p>Aqu\u00ed Puerto Rico is dedicated to ethical practices. While individual brands may vary, we prioritize perfumes that are cruelty-free and sourced using sustainable practices. Check the product descriptions for specific information on each perfume.<\/p><\/div>\n\t\t\t\t<\/div>\n\t\t\t\t\t\t\t<div class=\"elementor-accordion-item\">\n\t\t\t\t\t<div id=\"elementor-tab-title-5633\" class=\"elementor-tab-title\" data-tab=\"3\" role=\"button\" aria-controls=\"elementor-tab-content-5633\" aria-expanded=\"false\">\n\t\t\t\t\t\t\t\t\t\t\t\t\t<span class=\"elementor-accordion-icon elementor-accordion-icon-right\" aria-hidden=\"true\">\n\t\t\t\t\t\t\t\t\t\t\t\t\t\t\t<span class=\"elementor-accordion-icon-closed\"><svg xmlns=\"http:\/\/www.w3.org\/2000\/svg\" width=\"300\" height=\"300\" viewbox=\"0 0 300 300\" class=\"lakit-font-icon-svg\" data-icon-name=\"i-add\" data-icon-type=\"LaStudioIcons\"><path d=\"M137.1 105.9v31.2H75v25.8h62.1V225h25.8v-62.1H225v-25.8h-62.1V75h-25.8v30.9\" fill=\"currentColor\"\/><\/svg><\/span>\n\t\t\t\t\t\t\t\t<span class=\"elementor-accordion-icon-opened\"><svg xmlns=\"http:\/\/www.w3.org\/2000\/svg\" width=\"300\" height=\"300\" viewbox=\"0 0 300 300\" class=\"lakit-font-icon-svg\" data-icon-name=\"i-delete\" data-icon-type=\"LaStudioIcons\"><path d=\"M75 137.4h150v25.2H75v-25.2z\" fill=\"currentColor\"\/><\/svg><\/span>\n\t\t\t\t\t\t\t\t\t\t\t\t\t\t<\/span>\n\t\t\t\t\t\t\t\t\t\t\t\t<a class=\"elementor-accordion-title\" tabindex=\"0\">How do I contact Aqu\u00ed Puerto Rico for assistance?<\/a>\n\t\t\t\t\t<\/div>\n\t\t\t\t\t<div id=\"elementor-tab-content-5633\" class=\"elementor-tab-content elementor-clearfix\" data-tab=\"3\" role=\"region\" aria-labelledby=\"elementor-tab-title-5633\"><p>For any inquiries or assistance, you can reach out to our customer service team at [info@aquipuertorico.com]. We're here to help you with any questions or concerns you may have. <a href=\"mailto:info@aquipuertorico.com\">info@aquipuertorico.com<\/a> . We are here to help you with any questions or concerns you may have.<\/p><\/div>\n\t\t\t\t<\/div>\n\t\t\t\t\t\t\t<div class=\"elementor-accordion-item\">\n\t\t\t\t\t<div id=\"elementor-tab-title-5634\" class=\"elementor-tab-title\" data-tab=\"4\" role=\"button\" aria-controls=\"elementor-tab-content-5634\" aria-expanded=\"false\">\n\t\t\t\t\t\t\t\t\t\t\t\t\t<span class=\"elementor-accordion-icon elementor-accordion-icon-right\" aria-hidden=\"true\">\n\t\t\t\t\t\t\t\t\t\t\t\t\t\t\t<span class=\"elementor-accordion-icon-closed\"><svg xmlns=\"http:\/\/www.w3.org\/2000\/svg\" width=\"300\" height=\"300\" viewbox=\"0 0 300 300\" class=\"lakit-font-icon-svg\" data-icon-name=\"i-add\" data-icon-type=\"LaStudioIcons\"><path d=\"M137.1 105.9v31.2H75v25.8h62.1V225h25.8v-62.1H225v-25.8h-62.1V75h-25.8v30.9\" fill=\"currentColor\"\/><\/svg><\/span>\n\t\t\t\t\t\t\t\t<span class=\"elementor-accordion-icon-opened\"><svg xmlns=\"http:\/\/www.w3.org\/2000\/svg\" width=\"300\" height=\"300\" viewbox=\"0 0 300 300\" class=\"lakit-font-icon-svg\" data-icon-name=\"i-delete\" data-icon-type=\"LaStudioIcons\"><path d=\"M75 137.4h150v25.2H75v-25.2z\" fill=\"currentColor\"\/><\/svg><\/span>\n\t\t\t\t\t\t\t\t\t\t\t\t\t\t<\/span>\n\t\t\t\t\t\t\t\t\t\t\t\t<a class=\"elementor-accordion-title\" tabindex=\"0\">Are there any discounts or promotions available? <\/a>\n\t\t\t\t\t<\/div>\n\t\t\t\t\t<div id=\"elementor-tab-content-5634\" class=\"elementor-tab-content elementor-clearfix\" data-tab=\"4\" role=\"region\" aria-labelledby=\"elementor-tab-title-5634\"><p>To stay updated on discounts and promotions, subscribe to our newsletter and follow us on social media. We often run special promotions and exclusive offers for our valued customers. Keep an eye out for exciting deals!<\/p><\/div>\n\t\t\t\t<\/div>\n\t\t\t\t\t\t\t<div class=\"elementor-accordion-item\">\n\t\t\t\t\t<div id=\"elementor-tab-title-5635\" class=\"elementor-tab-title\" data-tab=\"5\" role=\"button\" aria-controls=\"elementor-tab-content-5635\" aria-expanded=\"false\">\n\t\t\t\t\t\t\t\t\t\t\t\t\t<span class=\"elementor-accordion-icon elementor-accordion-icon-right\" aria-hidden=\"true\">\n\t\t\t\t\t\t\t\t\t\t\t\t\t\t\t<span class=\"elementor-accordion-icon-closed\"><svg xmlns=\"http:\/\/www.w3.org\/2000\/svg\" width=\"300\" height=\"300\" viewbox=\"0 0 300 300\" class=\"lakit-font-icon-svg\" data-icon-name=\"i-add\" data-icon-type=\"LaStudioIcons\"><path d=\"M137.1 105.9v31.2H75v25.8h62.1V225h25.8v-62.1H225v-25.8h-62.1V75h-25.8v30.9\" fill=\"currentColor\"\/><\/svg><\/span>\n\t\t\t\t\t\t\t\t<span class=\"elementor-accordion-icon-opened\"><svg xmlns=\"http:\/\/www.w3.org\/2000\/svg\" width=\"300\" height=\"300\" viewbox=\"0 0 300 300\" class=\"lakit-font-icon-svg\" data-icon-name=\"i-delete\" data-icon-type=\"LaStudioIcons\"><path d=\"M75 137.4h150v25.2H75v-25.2z\" fill=\"currentColor\"\/><\/svg><\/span>\n\t\t\t\t\t\t\t\t\t\t\t\t\t\t<\/span>\n\t\t\t\t\t\t\t\t\t\t\t\t<a class=\"elementor-accordion-title\" tabindex=\"0\">What should I do if I experience an adverse or unexpected effect?<\/a>\n\t\t\t\t\t<\/div>\n\t\t\t\t\t<div id=\"elementor-tab-content-5635\" class=\"elementor-tab-content elementor-clearfix\" data-tab=\"5\" role=\"region\" aria-labelledby=\"elementor-tab-title-5635\"><p><span lang=\"ES\">If any adverse or unexpected effect occurs, write to us at our email <a href=\"mailto:info@aquipuertorico.com%3cmailto:info@aquipuertorico.com\" target=\"_blank\" rel=\"noopener\">info@aquipuertorico.com<\/a>\u00a0or visit our website\u00a0<a href=\"http:\/\/www.aquipuertorico.com\/\" target=\"_blank\" rel=\"noopener\" data-saferedirecturl=\"https:\/\/www.google.com\/url?q=http:\/\/www.aquipuertorico.com&amp;source=gmail&amp;ust=1738713653281000&amp;usg=AOvVaw1J_NALPYPy0xyDikNuwnDb\">www.aquipuertorico.com<\/a>, or call us at <u><\/u><u><\/u><\/span><span lang=\"ES\">(787) 743-9111 Monday through Friday during our office hours 8am to 5pm.<\/span><\/p><\/div>\n\t\t\t\t<\/div>\n\t\t\t\t\t\t\t\t<\/div>\n\t\t\t\t\t\t<\/div>\n\t\t\t\t<\/div>\n\t\t\t\t\t<\/div>\n\t\t<\/div>\n\t\t\t\t\t<\/div>\n\t\t<\/section>\n\t\t\t\t\t<\/div>\n\t\t<\/div>\n\t\t\t\t\t<\/div>\n\t\t<\/section>\n\t\t\t\t<\/div>","protected":false},"excerpt":{"rendered":"<p>Home Aqu\u00ed Puerto Rico: Su Destino en L\u00ednea para Perfumes Puertorrique\u00f1os \u00bfQu\u00e9 hace que Aqu\u00ed Puerto Rico sea \u00fanico? Aqu\u00ed Puerto Rico es \u00fanico por su exclusiva colecci\u00f3n de perfumes elaborados por [&hellip;]<\/p>\n","protected":false},"author":1,"featured_media":0,"parent":0,"menu_order":0,"comment_status":"closed","ping_status":"closed","template":"","meta":{"footnotes":""},"class_list":["post-1322","page","type-page","status-publish","hentry"],"_links":{"self":[{"href":"https:\/\/aquipuertorico.com\/en\/wp-json\/wp\/v2\/pages\/1322","targetHints":{"allow":["GET"]}}],"collection":[{"href":"https:\/\/aquipuertorico.com\/en\/wp-json\/wp\/v2\/pages"}],"about":[{"href":"https:\/\/aquipuertorico.com\/en\/wp-json\/wp\/v2\/types\/page"}],"author":[{"embeddable":true,"href":"https:\/\/aquipuertorico.com\/en\/wp-json\/wp\/v2\/users\/1"}],"replies":[{"embeddable":true,"href":"https:\/\/aquipuertorico.com\/en\/wp-json\/wp\/v2\/comments?post=1322"}],"version-history":[{"count":35,"href":"https:\/\/aquipuertorico.com\/en\/wp-json\/wp\/v2\/pages\/1322\/revisions"}],"predecessor-version":[{"id":4536,"href":"https:\/\/aquipuertorico.com\/en\/wp-json\/wp\/v2\/pages\/1322\/revisions\/4536"}],"wp:attachment":[{"href":"https:\/\/aquipuertorico.com\/en\/wp-json\/wp\/v2\/media?parent=1322"}],"curies":[{"name":"wp","href":"https:\/\/api.w.org\/{rel}","templated":true}]}}