{"id":3267,"date":"2024-04-15T11:59:01","date_gmt":"2024-04-15T15:59:01","guid":{"rendered":"https:\/\/aquipuertorico.com\/?page_id=3267"},"modified":"2025-02-04T08:04:00","modified_gmt":"2025-02-04T12:04:00","slug":"fragancias-maripily","status":"publish","type":"page","link":"https:\/\/aquipuertorico.com\/en\/fragancias-maripily\/","title":{"rendered":"Maripily Fragrances"},"content":{"rendered":"<div data-elementor-type=\"wp-page\" data-elementor-id=\"3267\" class=\"elementor elementor-3267\" data-elementor-post-type=\"page\">\n\t\t\t\t<div class=\"elementor-element elementor-element-bd6ae4b e-flex e-con-boxed lakit-col-width-auto-no e-container e-root-container elementor-top-section e-con e-parent\" data-id=\"bd6ae4b\" data-element_type=\"container\" data-e-type=\"container\" data-settings=\"{&quot;jet_parallax_layout_list&quot;:[]}\">\n\t\t\t\t\t<div class=\"e-con-inner\">\n\t\t\t\t<div class=\"elementor-element elementor-element-4f0ee8b elementor-widget elementor-widget-text-editor\" data-id=\"4f0ee8b\" data-element_type=\"widget\" data-e-type=\"widget\" data-widget_type=\"text-editor.default\">\n\t\t\t\t<div class=\"elementor-widget-container\">\n\t\t\t\t\t\t\t\t\t<p>Fit Boy and Fit Girl, Maripily&#039;s fragrances, are designed for active and energetic people who are looking for a fresh and vibrant aroma that accompanies them every step of the way. Fit Boy is a dynamic and masculine essence, ideal for those who enjoy adventure and sport, with a refreshing touch that adapts to their lifestyle. Fit Girl, on the other hand, is a feminine and youthful fragrance, full of vitality, perfect for those who live life to the fullest and want to project their confidence and joy.<\/p>\t\t\t\t\t\t\t\t<\/div>\n\t\t\t\t<\/div>\n\t\t\t\t<div class=\"elementor-element elementor-element-e1d474b elementor-widget lastudio-kit elementor-lakit-wooproducts\" data-id=\"e1d474b\" data-element_type=\"widget\" data-e-type=\"widget\" data-widget_type=\"lakit-wooproducts.default\">\n\t\t\t\t\t<div class=\"woocommerce  lakit_wc_widget_e1d474b_0\"><div class=\"lakit-products\" ><div class=\"lakit-products__list_wrapper\"><ul class=\"products ul_products lakit-products__list products-grid products-grid-8 col-row columns-2\">\n<li class=\"product type-product post-2502 status-publish first instock product_cat-maripily-rivera product_tag-fitboy product_tag-fragancias product_tag-fragancias-caballero has-post-thumbnail taxable shipping-taxable purchasable product-type-simple lakit-product product_item col-desk-2 col-lap-2 col-tab-2 col-tabp-2\">\n\t<div class=\"product_item--inner\"><div class=\"product_item--thumbnail\"><div class=\"product_item--thumbnail-holder\"><a href=\"https:\/\/aquipuertorico.com\/en\/product\/fit-boy\/\" class=\"woocommerce-LoopProduct-link woocommerce-loop-product__link\"><div class=\"lakit-embla__slide figure__object_fit p_img-first\"><img fetchpriority=\"high\" decoding=\"async\" width=\"300\" height=\"300\" src=\"https:\/\/aquipuertorico.com\/wp-content\/uploads\/2024\/01\/Fit-Boy-by-Maripily-2022-300x300.jpg\" class=\"attachment-woocommerce_thumbnail size-woocommerce_thumbnail\" alt=\"Fit Boy by Maripily\" srcset=\"https:\/\/aquipuertorico.com\/wp-content\/uploads\/2024\/01\/Fit-Boy-by-Maripily-2022-300x300.jpg 300w, https:\/\/aquipuertorico.com\/wp-content\/uploads\/2024\/01\/Fit-Boy-by-Maripily-2022-600x600.jpg 600w, https:\/\/aquipuertorico.com\/wp-content\/uploads\/2024\/01\/Fit-Boy-by-Maripily-2022-12x12.jpg 12w, https:\/\/aquipuertorico.com\/wp-content\/uploads\/2024\/01\/Fit-Boy-by-Maripily-2022.jpg 1080w\" sizes=\"(max-width: 300px) 100vw, 300px\" \/><\/div><span class=\"item--overlay\"><\/span><span class=\"screen-reader-text\">Fit Boy by Maripily<\/span><\/a><\/div><div class=\"product_item_thumbnail_action product_item--action\"><div class=\"wrap-addto\"><a href=\"\/en\/wp-json\/wp\/v2\/pages\/3267?add-to-cart=2502\" data-quantity=\"1\" class=\"la-addcart button product_type_simple add_to_cart_button ajax_add_to_cart\" data-product_id=\"2502\" data-product_sku=\"\" aria-label=\"Add to cart: \u201cFit Boy by Maripily\u201d\" rel=\"nofollow\" data-success_message=\"\u201cFit Boy by Maripily\u201d has been added to your cart\" data-product_title=\"Fit Boy by Maripily\" role=\"button\" title=\"Add to cart\" data-no-translation-aria-label=\"\" data-no-translation-data-success_message=\"\" data-no-translation-title=\"\"><span class=\"labtn-icon labtn-icon-cart\"><\/span><span class=\"labtn-text\" title=\"Add to cart\" data-no-translation=\"\" data-trp-gettext=\"\" data-no-translation-title=\"\">Add to cart<\/span><\/a><\/div><\/div><\/div><div class=\"product_item--info\"><div class=\"product_item--info-inner\"><h3 class=\"product_item--title\"><a href=\"https:\/\/aquipuertorico.com\/en\/product\/fit-boy\/\">Fit Boy by Maripily<\/a><\/h3><div class=\"product_item--category-link\"><a href=\"https:\/\/aquipuertorico.com\/en\/product-category\/maripily-rivera\/\" rel=\"tag\">Maripily Rivera<\/a><\/div>\n\t<span class=\"price\"><span class=\"woocommerce-Price-amount amount\"><bdi><span class=\"woocommerce-Price-currencySymbol\">&#36;<\/span>25.00<\/bdi><\/span><\/span>\n<div class=\"item--excerpt\">Fit Boy Fragrance 2 oz \/ 60 ml<\/div><\/div><div class=\"product_item--info-action product_item--action\"><div class=\"wrap-addto\"><a href=\"\/en\/wp-json\/wp\/v2\/pages\/3267?add-to-cart=2502\" data-quantity=\"1\" class=\"la-addcart button product_type_simple add_to_cart_button ajax_add_to_cart\" data-product_id=\"2502\" data-product_sku=\"\" aria-label=\"Add to cart: \u201cFit Boy by Maripily\u201d\" rel=\"nofollow\" data-success_message=\"\u201cFit Boy by Maripily\u201d has been added to your cart\" data-product_title=\"Fit Boy by Maripily\" role=\"button\" title=\"Add to cart\" data-no-translation-aria-label=\"\" data-no-translation-data-success_message=\"\" data-no-translation-title=\"\"><span class=\"labtn-icon labtn-icon-cart\"><\/span><span class=\"labtn-text\" title=\"Add to cart\" data-no-translation=\"\" data-trp-gettext=\"\" data-no-translation-title=\"\">Add to cart<\/span><\/a><\/div><\/div><\/div><\/div><\/li>\n<li class=\"product type-product post-2499 status-publish last instock product_cat-maripily-rivera product_tag-fit-girl product_tag-fragancias product_tag-fragancias-damas product_tag-maripily has-post-thumbnail taxable shipping-taxable purchasable product-type-simple lakit-product product_item col-desk-2 col-lap-2 col-tab-2 col-tabp-2\">\n\t<div class=\"product_item--inner\"><div class=\"product_item--thumbnail\"><div class=\"product_item--thumbnail-holder\"><a href=\"https:\/\/aquipuertorico.com\/en\/product\/fit-girl\/\" class=\"woocommerce-LoopProduct-link woocommerce-loop-product__link\"><div class=\"lakit-embla__slide figure__object_fit p_img-first\"><img decoding=\"async\" width=\"300\" height=\"300\" data-src=\"https:\/\/aquipuertorico.com\/wp-content\/uploads\/2024\/01\/FIT-GIRL-1-300x300.jpg\" class=\"attachment-woocommerce_thumbnail size-woocommerce_thumbnail lazyload\" alt=\"Fit Girl by Maripily\" data-srcset=\"https:\/\/aquipuertorico.com\/wp-content\/uploads\/2024\/01\/FIT-GIRL-1-300x300.jpg 300w, https:\/\/aquipuertorico.com\/wp-content\/uploads\/2024\/01\/FIT-GIRL-1-600x600.jpg 600w, https:\/\/aquipuertorico.com\/wp-content\/uploads\/2024\/01\/FIT-GIRL-1-12x12.jpg 12w, https:\/\/aquipuertorico.com\/wp-content\/uploads\/2024\/01\/FIT-GIRL-1.jpg 1024w\" data-sizes=\"(max-width: 300px) 100vw, 300px\" src=\"data:image\/svg+xml;base64,PHN2ZyB3aWR0aD0iMSIgaGVpZ2h0PSIxIiB4bWxucz0iaHR0cDovL3d3dy53My5vcmcvMjAwMC9zdmciPjwvc3ZnPg==\" style=\"--smush-placeholder-width: 300px; --smush-placeholder-aspect-ratio: 300\/300;\" \/><\/div><span class=\"item--overlay\"><\/span><span class=\"screen-reader-text\">Fit Girl by Maripily<\/span><\/a><\/div><div class=\"product_item_thumbnail_action product_item--action\"><div class=\"wrap-addto\"><a href=\"\/en\/wp-json\/wp\/v2\/pages\/3267?add-to-cart=2499\" data-quantity=\"1\" class=\"la-addcart button product_type_simple add_to_cart_button ajax_add_to_cart\" data-product_id=\"2499\" data-product_sku=\"\" aria-label=\"Add to cart: \u201cFit Girl by Maripily\u201d\" rel=\"nofollow\" data-success_message=\"\u201cFit Girl by Maripily\u201d has been added to your cart\" data-product_title=\"Fit Girl by Maripily\" role=\"button\" title=\"Add to cart\" data-no-translation-aria-label=\"\" data-no-translation-data-success_message=\"\" data-no-translation-title=\"\"><span class=\"labtn-icon labtn-icon-cart\"><\/span><span class=\"labtn-text\" title=\"Add to cart\" data-no-translation=\"\" data-trp-gettext=\"\" data-no-translation-title=\"\">Add to cart<\/span><\/a><\/div><\/div><\/div><div class=\"product_item--info\"><div class=\"product_item--info-inner\"><h3 class=\"product_item--title\"><a href=\"https:\/\/aquipuertorico.com\/en\/product\/fit-girl\/\">Fit Girl by Maripily<\/a><\/h3><div class=\"product_item--category-link\"><a href=\"https:\/\/aquipuertorico.com\/en\/product-category\/maripily-rivera\/\" rel=\"tag\">Maripily Rivera<\/a><\/div>\n\t<span class=\"price\"><span class=\"woocommerce-Price-amount amount\"><bdi><span class=\"woocommerce-Price-currencySymbol\">&#36;<\/span>25.00<\/bdi><\/span><\/span>\n<div class=\"item--excerpt\">Fit Girl Fragrance 2.02 oz \/ 60 ml<\/div><\/div><div class=\"product_item--info-action product_item--action\"><div class=\"wrap-addto\"><a href=\"\/en\/wp-json\/wp\/v2\/pages\/3267?add-to-cart=2499\" data-quantity=\"1\" class=\"la-addcart button product_type_simple add_to_cart_button ajax_add_to_cart\" data-product_id=\"2499\" data-product_sku=\"\" aria-label=\"Add to cart: \u201cFit Girl by Maripily\u201d\" rel=\"nofollow\" data-success_message=\"\u201cFit Girl by Maripily\u201d has been added to your cart\" data-product_title=\"Fit Girl by Maripily\" role=\"button\" title=\"Add to cart\" data-no-translation-aria-label=\"\" data-no-translation-data-success_message=\"\" data-no-translation-title=\"\"><span class=\"labtn-icon labtn-icon-cart\"><\/span><span class=\"labtn-text\" title=\"Add to cart\" data-no-translation=\"\" data-trp-gettext=\"\" data-no-translation-title=\"\">Add to cart<\/span><\/a><\/div><\/div><\/div><\/div><\/li>\n<\/ul>\n<\/div><\/div><\/div>\t\t\t\t<\/div>\n\t\t\t\t\t<\/div>\n\t\t\t\t<\/div>\n\t\t<div class=\"elementor-element elementor-element-5baf580 e-flex e-con-boxed lakit-col-width-auto-no e-container e-root-container elementor-top-section e-con e-parent\" data-id=\"5baf580\" data-element_type=\"container\" data-e-type=\"container\" data-settings=\"{&quot;jet_parallax_layout_list&quot;:[]}\">\n\t\t\t\t\t<div class=\"e-con-inner\">\n\t\t\t\t<div class=\"elementor-element elementor-element-f619ae2 elementor-widget elementor-widget-spacer\" data-id=\"f619ae2\" data-element_type=\"widget\" data-e-type=\"widget\" data-widget_type=\"spacer.default\">\n\t\t\t\t<div class=\"elementor-widget-container\">\n\t\t\t\t\t\t\t<div class=\"elementor-spacer\">\n\t\t\t<div class=\"elementor-spacer-inner\"><\/div>\n\t\t<\/div>\n\t\t\t\t\t\t<\/div>\n\t\t\t\t<\/div>\n\t\t\t\t\t<\/div>\n\t\t\t\t<\/div>\n\t\t<div class=\"elementor-element elementor-element-eff89a2 e-flex e-con-boxed lakit-col-width-auto-no e-container e-root-container elementor-top-section e-con e-parent\" data-id=\"eff89a2\" data-element_type=\"container\" data-e-type=\"container\" data-settings=\"{&quot;jet_parallax_layout_list&quot;:[]}\">\n\t\t\t\t\t<div class=\"e-con-inner\">\n\t\t\t\t<div class=\"elementor-element elementor-element-2e10517 elementor-widget elementor-widget-spacer\" data-id=\"2e10517\" data-element_type=\"widget\" data-e-type=\"widget\" data-widget_type=\"spacer.default\">\n\t\t\t\t<div class=\"elementor-widget-container\">\n\t\t\t\t\t\t\t<div class=\"elementor-spacer\">\n\t\t\t<div class=\"elementor-spacer-inner\"><\/div>\n\t\t<\/div>\n\t\t\t\t\t\t<\/div>\n\t\t\t\t<\/div>\n\t\t\t\t\t<\/div>\n\t\t\t\t<\/div>\n\t\t<div class=\"elementor-element elementor-element-03d3178 e-flex e-con-boxed lakit-col-width-auto-no e-container e-root-container elementor-top-section e-con e-parent\" data-id=\"03d3178\" data-element_type=\"container\" data-e-type=\"container\" data-settings=\"{&quot;jet_parallax_layout_list&quot;:[]}\">\n\t\t\t\t\t<div class=\"e-con-inner\">\n\t\t\t\t<div class=\"elementor-element elementor-element-f94f47a elementor-widget elementor-widget-spacer\" data-id=\"f94f47a\" data-element_type=\"widget\" data-e-type=\"widget\" data-widget_type=\"spacer.default\">\n\t\t\t\t<div class=\"elementor-widget-container\">\n\t\t\t\t\t\t\t<div class=\"elementor-spacer\">\n\t\t\t<div class=\"elementor-spacer-inner\"><\/div>\n\t\t<\/div>\n\t\t\t\t\t\t<\/div>\n\t\t\t\t<\/div>\n\t\t\t\t\t<\/div>\n\t\t\t\t<\/div>\n\t\t\t\t<\/div>","protected":false},"excerpt":{"rendered":"<p>Fit Boy y Fit Girl, las fragancias de Maripily, est\u00e1n dise\u00f1adas para personas activas y llenas de energ\u00eda que buscan un aroma fresco y vibrante que los acompa\u00f1e en cada paso. Fit [&hellip;]<\/p>\n","protected":false},"author":4,"featured_media":2501,"parent":0,"menu_order":0,"comment_status":"closed","ping_status":"closed","template":"templates\/fullwidth.php","meta":{"footnotes":""},"class_list":["post-3267","page","type-page","status-publish","has-post-thumbnail","hentry"],"_links":{"self":[{"href":"https:\/\/aquipuertorico.com\/en\/wp-json\/wp\/v2\/pages\/3267","targetHints":{"allow":["GET"]}}],"collection":[{"href":"https:\/\/aquipuertorico.com\/en\/wp-json\/wp\/v2\/pages"}],"about":[{"href":"https:\/\/aquipuertorico.com\/en\/wp-json\/wp\/v2\/types\/page"}],"author":[{"embeddable":true,"href":"https:\/\/aquipuertorico.com\/en\/wp-json\/wp\/v2\/users\/4"}],"replies":[{"embeddable":true,"href":"https:\/\/aquipuertorico.com\/en\/wp-json\/wp\/v2\/comments?post=3267"}],"version-history":[{"count":22,"href":"https:\/\/aquipuertorico.com\/en\/wp-json\/wp\/v2\/pages\/3267\/revisions"}],"predecessor-version":[{"id":4568,"href":"https:\/\/aquipuertorico.com\/en\/wp-json\/wp\/v2\/pages\/3267\/revisions\/4568"}],"wp:featuredmedia":[{"embeddable":true,"href":"https:\/\/aquipuertorico.com\/en\/wp-json\/wp\/v2\/media\/2501"}],"wp:attachment":[{"href":"https:\/\/aquipuertorico.com\/en\/wp-json\/wp\/v2\/media?parent=3267"}],"curies":[{"name":"wp","href":"https:\/\/api.w.org\/{rel}","templated":true}]}}