{"id":3695,"date":"2024-09-09T10:56:36","date_gmt":"2024-09-09T14:56:36","guid":{"rendered":"https:\/\/aquipuertorico.com\/?post_type=product&#038;p=3695"},"modified":"2025-07-11T08:02:32","modified_gmt":"2025-07-11T12:02:32","slug":"10-white-by-tommy-ramos","status":"publish","type":"product","link":"https:\/\/aquipuertorico.com\/en\/product\/10-white-by-tommy-ramos\/","title":{"rendered":"10 White by Tommy Ramos"},"content":{"rendered":"<p>Tommy Ramos presents his new collection of long-lasting Work Out Body Sprays 2024 for men<\/p>\n<p>Exit: <em>Lime, Black Pepper, Bergamot<\/em><\/p>\n<p>Background: <em>Nutmeg, Rosemary, Lavender<\/em><\/p>\n<p>Heart: <em>Vetiver, Patchouli, Amber<\/em><\/p>\n<p>Video:\u00a0<a href=\"https:\/\/www.youtube.com\/watch?v=VYjCW24odOo\">https:\/\/www.youtube.com\/watch?v=VYjCW24odOo<\/a><\/p>\n<p>&nbsp;<\/p>","protected":false},"excerpt":{"rendered":"<p>Tommy Ramos nos presenta su nueva colecci\u00f3n de Work Out Body Sprays 2024 para caballeros de alta duraci\u00f3n Salida: Lima, Pimienta negra, Bergamota Fondo: Nuez moscada, Romero, Lavanda Coraz\u00f3n: Vetiver, Pachuli, Ambarada [&hellip;]<\/p>\n","protected":false},"featured_media":3746,"template":"","meta":[],"product_brand":[],"product_cat":[84],"product_tag":[163,94,176,106],"class_list":{"0":"post-3695","1":"product","2":"type-product","3":"status-publish","4":"has-post-thumbnail","6":"product_cat-tommy-ramos","7":"product_tag-10white","8":"product_tag-body-spray","9":"product_tag-splashes-caballero","10":"product_tag-tommyramos","11":"product_shipping_class-fragancias","13":"first","14":"instock","15":"taxable","16":"shipping-taxable","17":"purchasable","18":"product-type-simple"},"_links":{"self":[{"href":"https:\/\/aquipuertorico.com\/en\/wp-json\/wp\/v2\/product\/3695","targetHints":{"allow":["GET"]}}],"collection":[{"href":"https:\/\/aquipuertorico.com\/en\/wp-json\/wp\/v2\/product"}],"about":[{"href":"https:\/\/aquipuertorico.com\/en\/wp-json\/wp\/v2\/types\/product"}],"wp:featuredmedia":[{"embeddable":true,"href":"https:\/\/aquipuertorico.com\/en\/wp-json\/wp\/v2\/media\/3746"}],"wp:attachment":[{"href":"https:\/\/aquipuertorico.com\/en\/wp-json\/wp\/v2\/media?parent=3695"}],"wp:term":[{"taxonomy":"product_brand","embeddable":true,"href":"https:\/\/aquipuertorico.com\/en\/wp-json\/wp\/v2\/product_brand?post=3695"},{"taxonomy":"product_cat","embeddable":true,"href":"https:\/\/aquipuertorico.com\/en\/wp-json\/wp\/v2\/product_cat?post=3695"},{"taxonomy":"product_tag","embeddable":true,"href":"https:\/\/aquipuertorico.com\/en\/wp-json\/wp\/v2\/product_tag?post=3695"}],"curies":[{"name":"wp","href":"https:\/\/api.w.org\/{rel}","templated":true}]}}