{"id":3729,"date":"2024-09-16T16:33:45","date_gmt":"2024-09-16T20:33:45","guid":{"rendered":"https:\/\/aquipuertorico.com\/?post_type=product&#038;p=3729"},"modified":"2026-03-12T22:52:04","modified_gmt":"2026-03-13T02:52:04","slug":"splash-stunner-by-zuleyka-rivera","status":"publish","type":"product","link":"https:\/\/aquipuertorico.com\/en\/product\/splash-stunner-by-zuleyka-rivera\/","title":{"rendered":"Splash Stunner by Zuleyka Rivera"},"content":{"rendered":"<p>A tropical scent that represents the bliss of a lost paradise. The exotic fragrance of coconut is sweetened with a pinch of sugar and delicious vanilla. A delicious nectar wrapped in a veil of musk.<\/p>","protected":false},"excerpt":{"rendered":"<p>Un aroma tropical que representa la felicidad de un para\u00edso perdido. La ex\u00f3tica fragancia del coco se endulza con una pizca de az\u00facar y una deliciosa vainilla. Un delicioso n\u00e9ctar envuelto en [&hellip;]<\/p>\n","protected":false},"featured_media":4163,"template":"","meta":[],"product_brand":[],"product_cat":[173],"product_tag":[92,174],"class_list":{"0":"post-3729","1":"product","2":"type-product","3":"status-publish","4":"has-post-thumbnail","6":"product_cat-zuleyka-rivera","7":"product_tag-splash","8":"product_tag-zuleyka-rivera","9":"product_shipping_class-fragancias","11":"first","12":"instock","13":"taxable","14":"shipping-taxable","15":"purchasable","16":"product-type-simple"},"_links":{"self":[{"href":"https:\/\/aquipuertorico.com\/en\/wp-json\/wp\/v2\/product\/3729","targetHints":{"allow":["GET"]}}],"collection":[{"href":"https:\/\/aquipuertorico.com\/en\/wp-json\/wp\/v2\/product"}],"about":[{"href":"https:\/\/aquipuertorico.com\/en\/wp-json\/wp\/v2\/types\/product"}],"wp:featuredmedia":[{"embeddable":true,"href":"https:\/\/aquipuertorico.com\/en\/wp-json\/wp\/v2\/media\/4163"}],"wp:attachment":[{"href":"https:\/\/aquipuertorico.com\/en\/wp-json\/wp\/v2\/media?parent=3729"}],"wp:term":[{"taxonomy":"product_brand","embeddable":true,"href":"https:\/\/aquipuertorico.com\/en\/wp-json\/wp\/v2\/product_brand?post=3729"},{"taxonomy":"product_cat","embeddable":true,"href":"https:\/\/aquipuertorico.com\/en\/wp-json\/wp\/v2\/product_cat?post=3729"},{"taxonomy":"product_tag","embeddable":true,"href":"https:\/\/aquipuertorico.com\/en\/wp-json\/wp\/v2\/product_tag?post=3729"}],"curies":[{"name":"wp","href":"https:\/\/api.w.org\/{rel}","templated":true}]}}