{"id":4962,"date":"2025-06-16T12:10:54","date_gmt":"2025-06-16T16:10:54","guid":{"rendered":"https:\/\/aquipuertorico.com\/?post_type=product&#038;p=4962"},"modified":"2025-11-06T16:21:57","modified_gmt":"2025-11-06T20:21:57","slug":"aura-by-amanda-bella-latorre","status":"publish","type":"product","link":"https:\/\/aquipuertorico.com\/en\/product\/aura-by-amanda-bella-latorre\/","title":{"rendered":"Aura by Amanda &amp; Bella Latorre"},"content":{"rendered":"<p>Amanda &amp; Bella present their new soft and charming fragrance, perfect for happy, tender and dreamy girls.<\/p>\n<p><strong>\u00a0Exit:<\/strong><em> Bergamot, Apple, Ozonic Accord<\/em><\/p>\n<p><strong>Heart: <\/strong><em>Jasmine, Gardenia, Ylang<\/em><\/p>\n<p><strong>Background: <\/strong><em>Musk, Cedar, Sandalwood<\/em><\/p>\n<p>&nbsp;<\/p>\n<p><strong>Video:\u00a0<a href=\"https:\/\/youtu.be\/hrv10PwC8fo\">https:\/\/youtu.be\/hrv10PwC8fo<\/a><\/strong><\/p>","protected":false},"excerpt":{"rendered":"<p>Amanda &amp; Bella nos presentan su nueva fraganc\u00eda suave y encantadora, perfecta para ni\u00f1as alegres, tiernas y so\u00f1adoras. \u00a0Salida: Bergamota, Manzana, Acorde Oz\u00f3nico Coraz\u00f3n: Jazm\u00edn, Gardenia, Ylang Fondo: Almizcle, Cedro, S\u00e1ndalo &nbsp; [&hellip;]<\/p>\n","protected":false},"featured_media":5147,"template":"","meta":[],"product_brand":[],"product_cat":[182],"product_tag":[197,183,187,89,90],"class_list":{"0":"post-4962","1":"product","2":"type-product","3":"status-publish","4":"has-post-thumbnail","6":"product_cat-la-familia-latorre","7":"product_tag-amanda-bella-latorre","8":"product_tag-aura","9":"product_tag-fragancia-juvenil","10":"product_tag-fragancias","11":"product_tag-fragancias-damas","12":"product_shipping_class-fragancias","14":"first","15":"instock","16":"taxable","17":"shipping-taxable","18":"purchasable","19":"product-type-simple"},"_links":{"self":[{"href":"https:\/\/aquipuertorico.com\/en\/wp-json\/wp\/v2\/product\/4962","targetHints":{"allow":["GET"]}}],"collection":[{"href":"https:\/\/aquipuertorico.com\/en\/wp-json\/wp\/v2\/product"}],"about":[{"href":"https:\/\/aquipuertorico.com\/en\/wp-json\/wp\/v2\/types\/product"}],"wp:featuredmedia":[{"embeddable":true,"href":"https:\/\/aquipuertorico.com\/en\/wp-json\/wp\/v2\/media\/5147"}],"wp:attachment":[{"href":"https:\/\/aquipuertorico.com\/en\/wp-json\/wp\/v2\/media?parent=4962"}],"wp:term":[{"taxonomy":"product_brand","embeddable":true,"href":"https:\/\/aquipuertorico.com\/en\/wp-json\/wp\/v2\/product_brand?post=4962"},{"taxonomy":"product_cat","embeddable":true,"href":"https:\/\/aquipuertorico.com\/en\/wp-json\/wp\/v2\/product_cat?post=4962"},{"taxonomy":"product_tag","embeddable":true,"href":"https:\/\/aquipuertorico.com\/en\/wp-json\/wp\/v2\/product_tag?post=4962"}],"curies":[{"name":"wp","href":"https:\/\/api.w.org\/{rel}","templated":true}]}}