{"id":4965,"date":"2025-06-16T12:26:55","date_gmt":"2025-06-16T16:26:55","guid":{"rendered":"https:\/\/aquipuertorico.com\/?post_type=product&#038;p=4965"},"modified":"2025-11-06T16:21:42","modified_gmt":"2025-11-06T20:21:42","slug":"trend-by-jacob-latorre","status":"publish","type":"product","link":"https:\/\/aquipuertorico.com\/en\/product\/trend-by-jacob-latorre\/","title":{"rendered":"Trend by Jacob Latorre"},"content":{"rendered":"<p>Fresh, modern and vibrant. <em>Trend<\/em> It captures Jacob&#039;s youthful spirit. Ideal for those who live to the rhythm of social media and fashion.<\/p>\n<p><strong>Exit:<\/strong> <em>Pink<\/em><em>,<\/em><em> Red chili, balsamic vinegar, salt<\/em><\/p>\n<p><strong>Heart: <\/strong><em>Lavender, Orange Blossom, Neroli<\/em><\/p>\n<p><strong>Background:<\/strong><em> Cedar, Patchouli<\/em><\/p>\n<p>&nbsp;<\/p>\n<p><strong>Video:\u00a0<a href=\"https:\/\/youtu.be\/hrv10PwC8fo\">https:\/\/youtu.be\/hrv10PwC8fo<\/a><\/strong><\/p>","protected":false},"excerpt":{"rendered":"<p>Fresca, moderna y vibrante. Trend captura el espir\u00edtu juvenil de Jacob. Ideal para quienes viven ala ritmo de las redes y la moda. Salida: Rosa, Chile rojo, Vinagre bals\u00e1mico, Sal Coraz\u00f3n: Lavanda, [&hellip;]<\/p>\n","protected":false},"featured_media":5107,"template":"","meta":[],"product_brand":[],"product_cat":[182],"product_tag":[187,89,91,189,188,186],"class_list":{"0":"post-4965","1":"product","2":"type-product","3":"status-publish","4":"has-post-thumbnail","6":"product_cat-la-familia-latorre","7":"product_tag-fragancia-juvenil","8":"product_tag-fragancias","9":"product_tag-fragancias-caballero","10":"product_tag-jacob-latorre","11":"product_tag-la-familia-latorre","12":"product_tag-trend","13":"product_shipping_class-fragancias","15":"first","16":"instock","17":"taxable","18":"shipping-taxable","19":"purchasable","20":"product-type-simple"},"_links":{"self":[{"href":"https:\/\/aquipuertorico.com\/en\/wp-json\/wp\/v2\/product\/4965","targetHints":{"allow":["GET"]}}],"collection":[{"href":"https:\/\/aquipuertorico.com\/en\/wp-json\/wp\/v2\/product"}],"about":[{"href":"https:\/\/aquipuertorico.com\/en\/wp-json\/wp\/v2\/types\/product"}],"wp:featuredmedia":[{"embeddable":true,"href":"https:\/\/aquipuertorico.com\/en\/wp-json\/wp\/v2\/media\/5107"}],"wp:attachment":[{"href":"https:\/\/aquipuertorico.com\/en\/wp-json\/wp\/v2\/media?parent=4965"}],"wp:term":[{"taxonomy":"product_brand","embeddable":true,"href":"https:\/\/aquipuertorico.com\/en\/wp-json\/wp\/v2\/product_brand?post=4965"},{"taxonomy":"product_cat","embeddable":true,"href":"https:\/\/aquipuertorico.com\/en\/wp-json\/wp\/v2\/product_cat?post=4965"},{"taxonomy":"product_tag","embeddable":true,"href":"https:\/\/aquipuertorico.com\/en\/wp-json\/wp\/v2\/product_tag?post=4965"}],"curies":[{"name":"wp","href":"https:\/\/api.w.org\/{rel}","templated":true}]}}