{"id":4967,"date":"2025-06-16T12:37:08","date_gmt":"2025-06-16T16:37:08","guid":{"rendered":"https:\/\/aquipuertorico.com\/?post_type=product&#038;p=4967"},"modified":"2025-11-06T16:21:24","modified_gmt":"2025-11-06T20:21:24","slug":"noctis-by-carlos-latorre","status":"publish","type":"product","link":"https:\/\/aquipuertorico.com\/en\/product\/noctis-by-carlos-latorre\/","title":{"rendered":"Noctis by Carlos Latorre"},"content":{"rendered":"<p>A deep, woody and masculine fragrance inspired by Carlos. <em>Noctis<\/em> combines intense and elegant notes that evoke security.<\/p>\n<p><strong>Exit: <\/strong><em>Bergamot, Grapefruit and Mandarin<\/em><\/p>\n<p><strong>Heart: <\/strong><em>Nutmeg, Saffron, Jasmine and Violet<\/em><\/p>\n<p><strong>Background: <\/strong><em>Cashmere, Amber, Sandalwood and Vetiver<\/em><\/p>\n<p>&nbsp;<\/p>\n<p><strong>Video: \u00a0<a href=\"https:\/\/youtu.be\/hrv10PwC8fo\">https:\/\/youtu.be\/hrv10PwC8fo<\/a><\/strong><\/p>","protected":false},"excerpt":{"rendered":"<p>Una fragancia profunda, amaderada y varonil inspirada en Carlos. Noctis combina notas intensas y elegantes que evocan seguridad. Salida: Bergamota, Toronja y Mandarina Coraz\u00f3n: Nuez Moscada, Azafr\u00e1n, Jazm\u00edn y Violeta Fondo: Cashmir, [&hellip;]<\/p>\n","protected":false},"featured_media":5106,"template":"","meta":[],"product_brand":[],"product_cat":[182],"product_tag":[192,191,89,91,188],"class_list":{"0":"post-4967","1":"product","2":"type-product","3":"status-publish","4":"has-post-thumbnail","6":"product_cat-la-familia-latorre","7":"product_tag-carlos-latorre","8":"product_tag-fragancia-noctis","9":"product_tag-fragancias","10":"product_tag-fragancias-caballero","11":"product_tag-la-familia-latorre","12":"product_shipping_class-fragancias","14":"first","15":"instock","16":"taxable","17":"shipping-taxable","18":"purchasable","19":"product-type-simple"},"_links":{"self":[{"href":"https:\/\/aquipuertorico.com\/en\/wp-json\/wp\/v2\/product\/4967","targetHints":{"allow":["GET"]}}],"collection":[{"href":"https:\/\/aquipuertorico.com\/en\/wp-json\/wp\/v2\/product"}],"about":[{"href":"https:\/\/aquipuertorico.com\/en\/wp-json\/wp\/v2\/types\/product"}],"wp:featuredmedia":[{"embeddable":true,"href":"https:\/\/aquipuertorico.com\/en\/wp-json\/wp\/v2\/media\/5106"}],"wp:attachment":[{"href":"https:\/\/aquipuertorico.com\/en\/wp-json\/wp\/v2\/media?parent=4967"}],"wp:term":[{"taxonomy":"product_brand","embeddable":true,"href":"https:\/\/aquipuertorico.com\/en\/wp-json\/wp\/v2\/product_brand?post=4967"},{"taxonomy":"product_cat","embeddable":true,"href":"https:\/\/aquipuertorico.com\/en\/wp-json\/wp\/v2\/product_cat?post=4967"},{"taxonomy":"product_tag","embeddable":true,"href":"https:\/\/aquipuertorico.com\/en\/wp-json\/wp\/v2\/product_tag?post=4967"}],"curies":[{"name":"wp","href":"https:\/\/api.w.org\/{rel}","templated":true}]}}