{"id":5059,"date":"2025-08-04T16:27:02","date_gmt":"2025-08-04T20:27:02","guid":{"rendered":"https:\/\/aquipuertorico.com\/?post_type=product&#038;p=5059"},"modified":"2026-01-27T09:12:12","modified_gmt":"2026-01-27T13:12:12","slug":"zahra-by-dh","status":"publish","type":"product","link":"https:\/\/aquipuertorico.com\/en\/product\/zahra-by-dh\/","title":{"rendered":"Zahra by DH"},"content":{"rendered":"<p>Inspired by the beauty and intensity of Arabian culture, Zahra is an enveloping, warm and mysterious fragrance.<\/p>\n<p>Exit: <em>green mandarin, melon, fig, coconut water<\/em><\/p>\n<p>Heart: <em>lotus flower, water lily, jasmine<\/em><\/p>\n<p>Background: <em>ambroxan, musk, sandalwood, vanilla<\/em><\/p>","protected":false},"excerpt":{"rendered":"<p>Inspirada en la belleza y la intensidad de la cultura \u00e1rabe, Zahra es una fragancia envolvente, c\u00e1lida y\u00a0 misteriosa. Salida: mandarina verde, mel\u00f3n, higo, agua de coco Coraz\u00f3n: flor de loto, nen\u00fafar, [&hellip;]<\/p>\n","protected":false},"featured_media":5060,"template":"","meta":[],"product_brand":[],"product_cat":[198],"product_tag":[199,89,90,195,200],"class_list":{"0":"post-5059","1":"product","2":"type-product","3":"status-publish","4":"has-post-thumbnail","6":"product_cat-dh","7":"product_tag-dh-distributors","8":"product_tag-fragancias","9":"product_tag-fragancias-damas","10":"product_tag-perfume-arabe","11":"product_tag-zahra","12":"product_shipping_class-fragancias","14":"first","15":"instock","16":"taxable","17":"shipping-taxable","18":"purchasable","19":"product-type-simple"},"_links":{"self":[{"href":"https:\/\/aquipuertorico.com\/en\/wp-json\/wp\/v2\/product\/5059","targetHints":{"allow":["GET"]}}],"collection":[{"href":"https:\/\/aquipuertorico.com\/en\/wp-json\/wp\/v2\/product"}],"about":[{"href":"https:\/\/aquipuertorico.com\/en\/wp-json\/wp\/v2\/types\/product"}],"wp:featuredmedia":[{"embeddable":true,"href":"https:\/\/aquipuertorico.com\/en\/wp-json\/wp\/v2\/media\/5060"}],"wp:attachment":[{"href":"https:\/\/aquipuertorico.com\/en\/wp-json\/wp\/v2\/media?parent=5059"}],"wp:term":[{"taxonomy":"product_brand","embeddable":true,"href":"https:\/\/aquipuertorico.com\/en\/wp-json\/wp\/v2\/product_brand?post=5059"},{"taxonomy":"product_cat","embeddable":true,"href":"https:\/\/aquipuertorico.com\/en\/wp-json\/wp\/v2\/product_cat?post=5059"},{"taxonomy":"product_tag","embeddable":true,"href":"https:\/\/aquipuertorico.com\/en\/wp-json\/wp\/v2\/product_tag?post=5059"}],"curies":[{"name":"wp","href":"https:\/\/api.w.org\/{rel}","templated":true}]}}