{"id":5640,"date":"2025-12-23T11:54:52","date_gmt":"2025-12-23T15:54:52","guid":{"rendered":"https:\/\/aquipuertorico.com\/?post_type=product&#038;p=5640"},"modified":"2026-01-27T09:14:22","modified_gmt":"2026-01-27T13:14:22","slug":"leyenda-by-yusso","status":"publish","type":"product","link":"https:\/\/aquipuertorico.com\/en\/product\/leyenda-by-yusso\/","title":{"rendered":"Legend by Yusso"},"content":{"rendered":"<p>A masculine fragrance of elegant and modern character, designed to leave an unforgettable impression. Its scent is sophisticated, versatile and long lasting, ideal to accompany the self-confident man both in the daytime and on special occasions.<\/p>\n<p>&nbsp;<\/p>\n<h4><strong>Notes:<\/strong><\/h4>\n<p>Exit: <em>Calabrian Bergamot<\/em><\/p>\n<p>Heart: <em>Tunisian orange blossom<\/em><\/p>\n<p>Background: <em>Ambrofix, Patchouli<\/em><\/p>","protected":false},"excerpt":{"rendered":"<p>Una fragancia masculina de car\u00e1cter elegante y moderno, dise\u00f1ada para dejar una impresi\u00e1n inolvidable. Su aroma es sofisticado, vers\u00e1til y de larga duraci\u00f3n, ideal para acompa\u00f1ar al hombre seguro de si mismo [&hellip;]<\/p>\n","protected":false},"featured_media":5644,"template":"","meta":[],"product_brand":[],"product_cat":[76],"product_tag":[100,89,91,204,205],"class_list":{"0":"post-5640","1":"product","2":"type-product","3":"status-publish","4":"has-post-thumbnail","6":"product_cat-angelique-burbu","7":"product_tag-burbu","8":"product_tag-fragancias","9":"product_tag-fragancias-caballero","10":"product_tag-larry-ayusso","11":"product_tag-perfume-leyenda","13":"first","14":"instock","15":"taxable","16":"shipping-taxable","17":"purchasable","18":"product-type-simple"},"_links":{"self":[{"href":"https:\/\/aquipuertorico.com\/en\/wp-json\/wp\/v2\/product\/5640","targetHints":{"allow":["GET"]}}],"collection":[{"href":"https:\/\/aquipuertorico.com\/en\/wp-json\/wp\/v2\/product"}],"about":[{"href":"https:\/\/aquipuertorico.com\/en\/wp-json\/wp\/v2\/types\/product"}],"wp:featuredmedia":[{"embeddable":true,"href":"https:\/\/aquipuertorico.com\/en\/wp-json\/wp\/v2\/media\/5644"}],"wp:attachment":[{"href":"https:\/\/aquipuertorico.com\/en\/wp-json\/wp\/v2\/media?parent=5640"}],"wp:term":[{"taxonomy":"product_brand","embeddable":true,"href":"https:\/\/aquipuertorico.com\/en\/wp-json\/wp\/v2\/product_brand?post=5640"},{"taxonomy":"product_cat","embeddable":true,"href":"https:\/\/aquipuertorico.com\/en\/wp-json\/wp\/v2\/product_cat?post=5640"},{"taxonomy":"product_tag","embeddable":true,"href":"https:\/\/aquipuertorico.com\/en\/wp-json\/wp\/v2\/product_tag?post=5640"}],"curies":[{"name":"wp","href":"https:\/\/api.w.org\/{rel}","templated":true}]}}